{"id":26380,"date":"2022-12-12T09:07:51","date_gmt":"2022-12-12T08:07:51","guid":{"rendered":"https:\/\/www.lalsrl.it\/certificaciones-y-marca\/"},"modified":"2022-12-12T09:07:51","modified_gmt":"2022-12-12T08:07:51","slug":"certificaciones-y-marca","status":"publish","type":"page","link":"https:\/\/stage.lalsrl.it\/es\/certificaciones-y-marca\/","title":{"rendered":"Certificaciones y Marca"},"content":{"rendered":"<p>Aqu\u00ed encontrar\u00e1s informaci\u00f3n detallada sobre nuestras <strong>certificaciones<\/strong> y nuestro compromiso a garantizar productos seguros y \u00e9ticos para nuestros clientes, as\u00ed como sobre nuestra historia y visi\u00f3n, que nos gu\u00edan a la hora de crear nuestros productos, por no hablar de nuestras <strong>colaboraciones<\/strong> con artistas y dise\u00f1adores de renombre internacional. Estamos orgullosos de trabajar con personas que comparten nuestros valores y nuestra pasi\u00f3n por el arte sacro, para crear <strong>art\u00edculos \u00fanicos y originales<\/strong> que reflejen la belleza y la espiritualidad de la fe. Explora nuestra p\u00e1gina para obtener m\u00e1s informaci\u00f3n sobre nuestras certificaciones, nuestra marca y nuestras \u00faltimas colaboraciones.<\/p>\n","protected":false},"excerpt":{"rendered":"<p>Aqu\u00ed encontrar\u00e1s informaci\u00f3n detallada sobre nuestras certificaciones y nuestro compromiso a garantizar productos seguros y \u00e9ticos para nuestros clientes, as\u00ed como sobre nuestra historia y visi\u00f3n, que nos gu\u00edan a la hora de crear nuestros productos, por no hablar de nuestras colaboraciones con artistas y dise\u00f1adores de renombre internacional. Estamos orgullosos de trabajar con personas [&hellip;]<\/p>\n","protected":false},"author":2,"featured_media":26009,"parent":0,"menu_order":0,"comment_status":"closed","ping_status":"closed","template":"","meta":{"footnotes":""},"class_list":["post-26380","page","type-page","status-publish","has-post-thumbnail","hentry"],"yoast_head":"<!-- This site is optimized with the Yoast SEO plugin v26.1.1 - https:\/\/yoast.com\/wordpress\/plugins\/seo\/ -->\n<title>Certificaciones y Marca - L.A.L. S.r.l.<\/title>\n<meta name=\"robots\" content=\"noindex, follow, max-snippet:-1, max-image-preview:large, max-video-preview:-1\" \/>\n<meta property=\"og:locale\" content=\"es_ES\" \/>\n<meta property=\"og:type\" content=\"article\" \/>\n<meta property=\"og:title\" content=\"Certificaciones y Marca - L.A.L. S.r.l.\" \/>\n<meta property=\"og:description\" content=\"Aqu\u00ed encontrar\u00e1s informaci\u00f3n detallada sobre nuestras certificaciones y nuestro compromiso a garantizar productos seguros y \u00e9ticos para nuestros clientes, as\u00ed como sobre nuestra historia y visi\u00f3n, que nos gu\u00edan a la hora de crear nuestros productos, por no hablar de nuestras colaboraciones con artistas y dise\u00f1adores de renombre internacional. Estamos orgullosos de trabajar con personas [&hellip;]\" \/>\n<meta property=\"og:url\" content=\"https:\/\/stage.lalsrl.it\/es\/certificaciones-y-marca\/\" \/>\n<meta property=\"og:site_name\" content=\"L.A.L. S.r.l.\" \/>\n<meta property=\"og:image\" content=\"https:\/\/stage.lalsrl.it\/wp-content\/uploads\/2022\/12\/certification-min.webp\" \/>\n\t<meta property=\"og:image:width\" content=\"261\" \/>\n\t<meta property=\"og:image:height\" content=\"642\" \/>\n\t<meta property=\"og:image:type\" content=\"image\/webp\" \/>\n<meta name=\"twitter:card\" content=\"summary_large_image\" \/>\n<meta name=\"twitter:label1\" content=\"Tiempo de lectura\" \/>\n\t<meta name=\"twitter:data1\" content=\"1 minuto\" \/>\n<script type=\"application\/ld+json\" class=\"yoast-schema-graph\">{\"@context\":\"https:\/\/schema.org\",\"@graph\":[{\"@type\":\"WebPage\",\"@id\":\"https:\/\/stage.lalsrl.it\/es\/certificaciones-y-marca\/\",\"url\":\"https:\/\/stage.lalsrl.it\/es\/certificaciones-y-marca\/\",\"name\":\"Certificaciones y Marca - L.A.L. S.r.l.\",\"isPartOf\":{\"@id\":\"https:\/\/stage.lalsrl.it\/es\/#website\"},\"primaryImageOfPage\":{\"@id\":\"https:\/\/stage.lalsrl.it\/es\/certificaciones-y-marca\/#primaryimage\"},\"image\":{\"@id\":\"https:\/\/stage.lalsrl.it\/es\/certificaciones-y-marca\/#primaryimage\"},\"thumbnailUrl\":\"https:\/\/stage.lalsrl.it\/wp-content\/uploads\/2022\/12\/certification-min.webp\",\"datePublished\":\"2022-12-12T08:07:51+00:00\",\"breadcrumb\":{\"@id\":\"https:\/\/stage.lalsrl.it\/es\/certificaciones-y-marca\/#breadcrumb\"},\"inLanguage\":\"es\",\"potentialAction\":[{\"@type\":\"ReadAction\",\"target\":[\"https:\/\/stage.lalsrl.it\/es\/certificaciones-y-marca\/\"]}]},{\"@type\":\"ImageObject\",\"inLanguage\":\"es\",\"@id\":\"https:\/\/stage.lalsrl.it\/es\/certificaciones-y-marca\/#primaryimage\",\"url\":\"https:\/\/stage.lalsrl.it\/wp-content\/uploads\/2022\/12\/certification-min.webp\",\"contentUrl\":\"https:\/\/stage.lalsrl.it\/wp-content\/uploads\/2022\/12\/certification-min.webp\",\"width\":261,\"height\":642},{\"@type\":\"BreadcrumbList\",\"@id\":\"https:\/\/stage.lalsrl.it\/es\/certificaciones-y-marca\/#breadcrumb\",\"itemListElement\":[{\"@type\":\"ListItem\",\"position\":1,\"name\":\"Home\",\"item\":\"https:\/\/stage.lalsrl.it\/es\/\"},{\"@type\":\"ListItem\",\"position\":2,\"name\":\"Certificaciones y Marca\"}]},{\"@type\":\"WebSite\",\"@id\":\"https:\/\/stage.lalsrl.it\/es\/#website\",\"url\":\"https:\/\/stage.lalsrl.it\/es\/\",\"name\":\"L.A.L. S.r.l.\",\"description\":\"Articoli religiosi\",\"publisher\":{\"@id\":\"https:\/\/stage.lalsrl.it\/es\/#organization\"},\"potentialAction\":[{\"@type\":\"SearchAction\",\"target\":{\"@type\":\"EntryPoint\",\"urlTemplate\":\"https:\/\/stage.lalsrl.it\/es\/?s={search_term_string}\"},\"query-input\":{\"@type\":\"PropertyValueSpecification\",\"valueRequired\":true,\"valueName\":\"search_term_string\"}}],\"inLanguage\":\"es\"},{\"@type\":\"Organization\",\"@id\":\"https:\/\/stage.lalsrl.it\/es\/#organization\",\"name\":\"L.A.L. S.r.l.\",\"url\":\"https:\/\/stage.lalsrl.it\/es\/\",\"logo\":{\"@type\":\"ImageObject\",\"inLanguage\":\"es\",\"@id\":\"https:\/\/stage.lalsrl.it\/es\/#\/schema\/logo\/image\/\",\"url\":\"https:\/\/stage.lalsrl.it\/wp-content\/uploads\/2022\/09\/Logo_header.svg\",\"contentUrl\":\"https:\/\/stage.lalsrl.it\/wp-content\/uploads\/2022\/09\/Logo_header.svg\",\"width\":76,\"height\":76,\"caption\":\"L.A.L. S.r.l.\"},\"image\":{\"@id\":\"https:\/\/stage.lalsrl.it\/es\/#\/schema\/logo\/image\/\"}}]}<\/script>\n<!-- \/ Yoast SEO plugin. -->","yoast_head_json":{"title":"Certificaciones y Marca - L.A.L. S.r.l.","robots":{"index":"noindex","follow":"follow","max-snippet":"max-snippet:-1","max-image-preview":"max-image-preview:large","max-video-preview":"max-video-preview:-1"},"og_locale":"es_ES","og_type":"article","og_title":"Certificaciones y Marca - L.A.L. S.r.l.","og_description":"Aqu\u00ed encontrar\u00e1s informaci\u00f3n detallada sobre nuestras certificaciones y nuestro compromiso a garantizar productos seguros y \u00e9ticos para nuestros clientes, as\u00ed como sobre nuestra historia y visi\u00f3n, que nos gu\u00edan a la hora de crear nuestros productos, por no hablar de nuestras colaboraciones con artistas y dise\u00f1adores de renombre internacional. Estamos orgullosos de trabajar con personas [&hellip;]","og_url":"https:\/\/stage.lalsrl.it\/es\/certificaciones-y-marca\/","og_site_name":"L.A.L. S.r.l.","og_image":[{"width":261,"height":642,"url":"https:\/\/stage.lalsrl.it\/wp-content\/uploads\/2022\/12\/certification-min.webp","type":"image\/webp"}],"twitter_card":"summary_large_image","twitter_misc":{"Tiempo de lectura":"1 minuto"},"schema":{"@context":"https:\/\/schema.org","@graph":[{"@type":"WebPage","@id":"https:\/\/stage.lalsrl.it\/es\/certificaciones-y-marca\/","url":"https:\/\/stage.lalsrl.it\/es\/certificaciones-y-marca\/","name":"Certificaciones y Marca - L.A.L. S.r.l.","isPartOf":{"@id":"https:\/\/stage.lalsrl.it\/es\/#website"},"primaryImageOfPage":{"@id":"https:\/\/stage.lalsrl.it\/es\/certificaciones-y-marca\/#primaryimage"},"image":{"@id":"https:\/\/stage.lalsrl.it\/es\/certificaciones-y-marca\/#primaryimage"},"thumbnailUrl":"https:\/\/stage.lalsrl.it\/wp-content\/uploads\/2022\/12\/certification-min.webp","datePublished":"2022-12-12T08:07:51+00:00","breadcrumb":{"@id":"https:\/\/stage.lalsrl.it\/es\/certificaciones-y-marca\/#breadcrumb"},"inLanguage":"es","potentialAction":[{"@type":"ReadAction","target":["https:\/\/stage.lalsrl.it\/es\/certificaciones-y-marca\/"]}]},{"@type":"ImageObject","inLanguage":"es","@id":"https:\/\/stage.lalsrl.it\/es\/certificaciones-y-marca\/#primaryimage","url":"https:\/\/stage.lalsrl.it\/wp-content\/uploads\/2022\/12\/certification-min.webp","contentUrl":"https:\/\/stage.lalsrl.it\/wp-content\/uploads\/2022\/12\/certification-min.webp","width":261,"height":642},{"@type":"BreadcrumbList","@id":"https:\/\/stage.lalsrl.it\/es\/certificaciones-y-marca\/#breadcrumb","itemListElement":[{"@type":"ListItem","position":1,"name":"Home","item":"https:\/\/stage.lalsrl.it\/es\/"},{"@type":"ListItem","position":2,"name":"Certificaciones y Marca"}]},{"@type":"WebSite","@id":"https:\/\/stage.lalsrl.it\/es\/#website","url":"https:\/\/stage.lalsrl.it\/es\/","name":"L.A.L. S.r.l.","description":"Articoli religiosi","publisher":{"@id":"https:\/\/stage.lalsrl.it\/es\/#organization"},"potentialAction":[{"@type":"SearchAction","target":{"@type":"EntryPoint","urlTemplate":"https:\/\/stage.lalsrl.it\/es\/?s={search_term_string}"},"query-input":{"@type":"PropertyValueSpecification","valueRequired":true,"valueName":"search_term_string"}}],"inLanguage":"es"},{"@type":"Organization","@id":"https:\/\/stage.lalsrl.it\/es\/#organization","name":"L.A.L. S.r.l.","url":"https:\/\/stage.lalsrl.it\/es\/","logo":{"@type":"ImageObject","inLanguage":"es","@id":"https:\/\/stage.lalsrl.it\/es\/#\/schema\/logo\/image\/","url":"https:\/\/stage.lalsrl.it\/wp-content\/uploads\/2022\/09\/Logo_header.svg","contentUrl":"https:\/\/stage.lalsrl.it\/wp-content\/uploads\/2022\/09\/Logo_header.svg","width":76,"height":76,"caption":"L.A.L. S.r.l."},"image":{"@id":"https:\/\/stage.lalsrl.it\/es\/#\/schema\/logo\/image\/"}}]}},"_links":{"self":[{"href":"https:\/\/stage.lalsrl.it\/es\/wp-json\/wp\/v2\/pages\/26380","targetHints":{"allow":["GET"]}}],"collection":[{"href":"https:\/\/stage.lalsrl.it\/es\/wp-json\/wp\/v2\/pages"}],"about":[{"href":"https:\/\/stage.lalsrl.it\/es\/wp-json\/wp\/v2\/types\/page"}],"author":[{"embeddable":true,"href":"https:\/\/stage.lalsrl.it\/es\/wp-json\/wp\/v2\/users\/2"}],"replies":[{"embeddable":true,"href":"https:\/\/stage.lalsrl.it\/es\/wp-json\/wp\/v2\/comments?post=26380"}],"version-history":[{"count":0,"href":"https:\/\/stage.lalsrl.it\/es\/wp-json\/wp\/v2\/pages\/26380\/revisions"}],"wp:featuredmedia":[{"embeddable":true,"href":"https:\/\/stage.lalsrl.it\/es\/wp-json\/wp\/v2\/media\/26009"}],"wp:attachment":[{"href":"https:\/\/stage.lalsrl.it\/es\/wp-json\/wp\/v2\/media?parent=26380"}],"curies":[{"name":"wp","href":"https:\/\/api.w.org\/{rel}","templated":true}]}}