{"id":26329,"date":"2022-12-09T11:23:42","date_gmt":"2022-12-09T10:23:42","guid":{"rendered":"https:\/\/www.lalsrl.it\/empresa\/"},"modified":"2024-05-15T15:38:23","modified_gmt":"2024-05-15T13:38:23","slug":"empresa","status":"publish","type":"page","link":"https:\/\/stage.lalsrl.it\/es\/empresa\/","title":{"rendered":"Empresa"},"content":{"rendered":"<p>Empezamos como carpinter\u00eda y nos hemos convertido en una <strong>empresa artesanal<\/strong>, siempre en sinton\u00eda con las necesidades del territorio en el que nos encontramos y manteniendo un v\u00ednculo especial con nuestra ciudad natal,\u00a0<strong>Loreto<\/strong>,\u00a0<strong>la capital mundial de la Corona de Rosario<\/strong>.<\/p>\n","protected":false},"excerpt":{"rendered":"<p>Empezamos como carpinter\u00eda y nos hemos convertido en una empresa artesanal, siempre en sinton\u00eda con las necesidades del territorio en el que nos encontramos y manteniendo un v\u00ednculo especial con nuestra ciudad natal,\u00a0Loreto,\u00a0la capital mundial de la Corona de Rosario.<\/p>\n","protected":false},"author":2,"featured_media":25975,"parent":0,"menu_order":0,"comment_status":"closed","ping_status":"closed","template":"","meta":{"footnotes":""},"class_list":["post-26329","page","type-page","status-publish","has-post-thumbnail","hentry"],"yoast_head":"<!-- This site is optimized with the Yoast SEO plugin v26.1.1 - https:\/\/yoast.com\/wordpress\/plugins\/seo\/ -->\n<title>Empresa - L.A.L. S.r.l.<\/title>\n<meta name=\"robots\" content=\"noindex, follow, max-snippet:-1, max-image-preview:large, max-video-preview:-1\" \/>\n<meta property=\"og:locale\" content=\"es_ES\" \/>\n<meta property=\"og:type\" content=\"article\" \/>\n<meta property=\"og:title\" content=\"Empresa - L.A.L. S.r.l.\" \/>\n<meta property=\"og:description\" content=\"Empezamos como carpinter\u00eda y nos hemos convertido en una empresa artesanal, siempre en sinton\u00eda con las necesidades del territorio en el que nos encontramos y manteniendo un v\u00ednculo especial con nuestra ciudad natal,\u00a0Loreto,\u00a0la capital mundial de la Corona de Rosario.\" \/>\n<meta property=\"og:url\" content=\"https:\/\/stage.lalsrl.it\/es\/empresa\/\" \/>\n<meta property=\"og:site_name\" content=\"L.A.L. S.r.l.\" \/>\n<meta property=\"article:modified_time\" content=\"2024-05-15T13:38:23+00:00\" \/>\n<meta property=\"og:image\" content=\"https:\/\/stage.lalsrl.it\/wp-content\/uploads\/2022\/12\/immagine_azienda_Lal.webp\" \/>\n\t<meta property=\"og:image:width\" content=\"1024\" \/>\n\t<meta property=\"og:image:height\" content=\"703\" \/>\n\t<meta property=\"og:image:type\" content=\"image\/webp\" \/>\n<meta name=\"twitter:card\" content=\"summary_large_image\" \/>\n<script type=\"application\/ld+json\" class=\"yoast-schema-graph\">{\"@context\":\"https:\/\/schema.org\",\"@graph\":[{\"@type\":\"WebPage\",\"@id\":\"https:\/\/stage.lalsrl.it\/es\/empresa\/\",\"url\":\"https:\/\/stage.lalsrl.it\/es\/empresa\/\",\"name\":\"Empresa - L.A.L. S.r.l.\",\"isPartOf\":{\"@id\":\"https:\/\/stage.lalsrl.it\/es\/#website\"},\"primaryImageOfPage\":{\"@id\":\"https:\/\/stage.lalsrl.it\/es\/empresa\/#primaryimage\"},\"image\":{\"@id\":\"https:\/\/stage.lalsrl.it\/es\/empresa\/#primaryimage\"},\"thumbnailUrl\":\"https:\/\/stage.lalsrl.it\/wp-content\/uploads\/2022\/12\/immagine_azienda_Lal.webp\",\"datePublished\":\"2022-12-09T10:23:42+00:00\",\"dateModified\":\"2024-05-15T13:38:23+00:00\",\"breadcrumb\":{\"@id\":\"https:\/\/stage.lalsrl.it\/es\/empresa\/#breadcrumb\"},\"inLanguage\":\"es\",\"potentialAction\":[{\"@type\":\"ReadAction\",\"target\":[\"https:\/\/stage.lalsrl.it\/es\/empresa\/\"]}]},{\"@type\":\"ImageObject\",\"inLanguage\":\"es\",\"@id\":\"https:\/\/stage.lalsrl.it\/es\/empresa\/#primaryimage\",\"url\":\"https:\/\/stage.lalsrl.it\/wp-content\/uploads\/2022\/12\/immagine_azienda_Lal.webp\",\"contentUrl\":\"https:\/\/stage.lalsrl.it\/wp-content\/uploads\/2022\/12\/immagine_azienda_Lal.webp\",\"width\":1024,\"height\":703},{\"@type\":\"BreadcrumbList\",\"@id\":\"https:\/\/stage.lalsrl.it\/es\/empresa\/#breadcrumb\",\"itemListElement\":[{\"@type\":\"ListItem\",\"position\":1,\"name\":\"Home\",\"item\":\"https:\/\/stage.lalsrl.it\/es\/\"},{\"@type\":\"ListItem\",\"position\":2,\"name\":\"Empresa\"}]},{\"@type\":\"WebSite\",\"@id\":\"https:\/\/stage.lalsrl.it\/es\/#website\",\"url\":\"https:\/\/stage.lalsrl.it\/es\/\",\"name\":\"L.A.L. S.r.l.\",\"description\":\"Articoli religiosi\",\"publisher\":{\"@id\":\"https:\/\/stage.lalsrl.it\/es\/#organization\"},\"potentialAction\":[{\"@type\":\"SearchAction\",\"target\":{\"@type\":\"EntryPoint\",\"urlTemplate\":\"https:\/\/stage.lalsrl.it\/es\/?s={search_term_string}\"},\"query-input\":{\"@type\":\"PropertyValueSpecification\",\"valueRequired\":true,\"valueName\":\"search_term_string\"}}],\"inLanguage\":\"es\"},{\"@type\":\"Organization\",\"@id\":\"https:\/\/stage.lalsrl.it\/es\/#organization\",\"name\":\"L.A.L. S.r.l.\",\"url\":\"https:\/\/stage.lalsrl.it\/es\/\",\"logo\":{\"@type\":\"ImageObject\",\"inLanguage\":\"es\",\"@id\":\"https:\/\/stage.lalsrl.it\/es\/#\/schema\/logo\/image\/\",\"url\":\"https:\/\/stage.lalsrl.it\/wp-content\/uploads\/2022\/09\/Logo_header.svg\",\"contentUrl\":\"https:\/\/stage.lalsrl.it\/wp-content\/uploads\/2022\/09\/Logo_header.svg\",\"width\":76,\"height\":76,\"caption\":\"L.A.L. S.r.l.\"},\"image\":{\"@id\":\"https:\/\/stage.lalsrl.it\/es\/#\/schema\/logo\/image\/\"}}]}<\/script>\n<!-- \/ Yoast SEO plugin. -->","yoast_head_json":{"title":"Empresa - L.A.L. S.r.l.","robots":{"index":"noindex","follow":"follow","max-snippet":"max-snippet:-1","max-image-preview":"max-image-preview:large","max-video-preview":"max-video-preview:-1"},"og_locale":"es_ES","og_type":"article","og_title":"Empresa - L.A.L. S.r.l.","og_description":"Empezamos como carpinter\u00eda y nos hemos convertido en una empresa artesanal, siempre en sinton\u00eda con las necesidades del territorio en el que nos encontramos y manteniendo un v\u00ednculo especial con nuestra ciudad natal,\u00a0Loreto,\u00a0la capital mundial de la Corona de Rosario.","og_url":"https:\/\/stage.lalsrl.it\/es\/empresa\/","og_site_name":"L.A.L. S.r.l.","article_modified_time":"2024-05-15T13:38:23+00:00","og_image":[{"width":1024,"height":703,"url":"https:\/\/stage.lalsrl.it\/wp-content\/uploads\/2022\/12\/immagine_azienda_Lal.webp","type":"image\/webp"}],"twitter_card":"summary_large_image","schema":{"@context":"https:\/\/schema.org","@graph":[{"@type":"WebPage","@id":"https:\/\/stage.lalsrl.it\/es\/empresa\/","url":"https:\/\/stage.lalsrl.it\/es\/empresa\/","name":"Empresa - L.A.L. S.r.l.","isPartOf":{"@id":"https:\/\/stage.lalsrl.it\/es\/#website"},"primaryImageOfPage":{"@id":"https:\/\/stage.lalsrl.it\/es\/empresa\/#primaryimage"},"image":{"@id":"https:\/\/stage.lalsrl.it\/es\/empresa\/#primaryimage"},"thumbnailUrl":"https:\/\/stage.lalsrl.it\/wp-content\/uploads\/2022\/12\/immagine_azienda_Lal.webp","datePublished":"2022-12-09T10:23:42+00:00","dateModified":"2024-05-15T13:38:23+00:00","breadcrumb":{"@id":"https:\/\/stage.lalsrl.it\/es\/empresa\/#breadcrumb"},"inLanguage":"es","potentialAction":[{"@type":"ReadAction","target":["https:\/\/stage.lalsrl.it\/es\/empresa\/"]}]},{"@type":"ImageObject","inLanguage":"es","@id":"https:\/\/stage.lalsrl.it\/es\/empresa\/#primaryimage","url":"https:\/\/stage.lalsrl.it\/wp-content\/uploads\/2022\/12\/immagine_azienda_Lal.webp","contentUrl":"https:\/\/stage.lalsrl.it\/wp-content\/uploads\/2022\/12\/immagine_azienda_Lal.webp","width":1024,"height":703},{"@type":"BreadcrumbList","@id":"https:\/\/stage.lalsrl.it\/es\/empresa\/#breadcrumb","itemListElement":[{"@type":"ListItem","position":1,"name":"Home","item":"https:\/\/stage.lalsrl.it\/es\/"},{"@type":"ListItem","position":2,"name":"Empresa"}]},{"@type":"WebSite","@id":"https:\/\/stage.lalsrl.it\/es\/#website","url":"https:\/\/stage.lalsrl.it\/es\/","name":"L.A.L. S.r.l.","description":"Articoli religiosi","publisher":{"@id":"https:\/\/stage.lalsrl.it\/es\/#organization"},"potentialAction":[{"@type":"SearchAction","target":{"@type":"EntryPoint","urlTemplate":"https:\/\/stage.lalsrl.it\/es\/?s={search_term_string}"},"query-input":{"@type":"PropertyValueSpecification","valueRequired":true,"valueName":"search_term_string"}}],"inLanguage":"es"},{"@type":"Organization","@id":"https:\/\/stage.lalsrl.it\/es\/#organization","name":"L.A.L. S.r.l.","url":"https:\/\/stage.lalsrl.it\/es\/","logo":{"@type":"ImageObject","inLanguage":"es","@id":"https:\/\/stage.lalsrl.it\/es\/#\/schema\/logo\/image\/","url":"https:\/\/stage.lalsrl.it\/wp-content\/uploads\/2022\/09\/Logo_header.svg","contentUrl":"https:\/\/stage.lalsrl.it\/wp-content\/uploads\/2022\/09\/Logo_header.svg","width":76,"height":76,"caption":"L.A.L. S.r.l."},"image":{"@id":"https:\/\/stage.lalsrl.it\/es\/#\/schema\/logo\/image\/"}}]}},"_links":{"self":[{"href":"https:\/\/stage.lalsrl.it\/es\/wp-json\/wp\/v2\/pages\/26329","targetHints":{"allow":["GET"]}}],"collection":[{"href":"https:\/\/stage.lalsrl.it\/es\/wp-json\/wp\/v2\/pages"}],"about":[{"href":"https:\/\/stage.lalsrl.it\/es\/wp-json\/wp\/v2\/types\/page"}],"author":[{"embeddable":true,"href":"https:\/\/stage.lalsrl.it\/es\/wp-json\/wp\/v2\/users\/2"}],"replies":[{"embeddable":true,"href":"https:\/\/stage.lalsrl.it\/es\/wp-json\/wp\/v2\/comments?post=26329"}],"version-history":[{"count":1,"href":"https:\/\/stage.lalsrl.it\/es\/wp-json\/wp\/v2\/pages\/26329\/revisions"}],"predecessor-version":[{"id":26331,"href":"https:\/\/stage.lalsrl.it\/es\/wp-json\/wp\/v2\/pages\/26329\/revisions\/26331"}],"wp:featuredmedia":[{"embeddable":true,"href":"https:\/\/stage.lalsrl.it\/es\/wp-json\/wp\/v2\/media\/25975"}],"wp:attachment":[{"href":"https:\/\/stage.lalsrl.it\/es\/wp-json\/wp\/v2\/media?parent=26329"}],"curies":[{"name":"wp","href":"https:\/\/api.w.org\/{rel}","templated":true}]}}